{"id":975,"date":"2021-10-13T22:36:42","date_gmt":"2021-10-13T22:36:42","guid":{"rendered":"https:\/\/brok.qodeinteractive.com\/?page_id=975"},"modified":"2025-10-13T14:57:30","modified_gmt":"2025-10-13T14:57:30","slug":"about-us","status":"publish","type":"page","link":"https:\/\/estudiovicens.com\/es\/about-us\/","title":{"rendered":"Sobre nosotros"},"content":{"rendered":"<h2 >\n\t\t\t\t\tNUESTROS<br \/> SERVICIOS\t\t\t<\/h2>\n<h4 >\n\t\tArquitectura\t<\/h4>\n<p >Comprender las necesidades de nuestro cliente y captar su idea es b\u00e1sico para poder dise\u00f1ar espacios que hablen de ellos. Desarrollamos Proyectos B\u00e1sicos y de Ejecuci\u00f3n junto con todos los tr\u00e1mites administrativos que surgen durante el proceso para la obtenci\u00f3n de licencia.<\/p>\n<p>\t\t<a href=\"\" target=\"_self\"  style=\"margin: 20px 0px 0px 0px\">\t\t \t\t<\/a>\t<\/p>\n<h4 >\n\t\tEspacio natural\t<\/h4>\n<p >Entendemos el entorno natural como un agente esencial en la vida de las personas, por eso consideramos los elementos vegetales como parte estructural en cada uno de nuestros proyectos.<\/p>\n<p>\t\t<a href=\"#\" target=\"_self\"  style=\"margin: 20px 0px 0px 0px\">\t\t \t\t<\/a>\t<\/p>\n<h4 >\n\t\tInteriorismo\t<\/h4>\n<p >Desde peque\u00f1os espacios como ba\u00f1os o cocinas hasta un proyecto integral, disfrutamos dise\u00f1ando los peque\u00f1os detalles de cada uno de los espacios.<\/p>\n<p>\t\t<a href=\"\" target=\"_self\"  style=\"margin: 20px 0px 0px 0px\">\t\t \t\t<\/a><br \/>\n\t\t\t<a itemprop=\"url\" href=\"https:\/\/estudiovicens.com\/wp-content\/uploads\/2024\/11\/6.jpg\" target=\"_blank\"><br \/>\n\t\t\t<img fetchpriority=\"high\" width=\"1426\" height=\"941\" src=\"https:\/\/estudiovicens.com\/wp-content\/uploads\/2024\/11\/6.jpg\" alt=\"\" decoding=\"async\" srcset=\"https:\/\/estudiovicens.com\/wp-content\/uploads\/2024\/11\/6.jpg 1426w, https:\/\/estudiovicens.com\/wp-content\/uploads\/2024\/11\/6-300x198.jpg 300w, https:\/\/estudiovicens.com\/wp-content\/uploads\/2024\/11\/6-1024x676.jpg 1024w, https:\/\/estudiovicens.com\/wp-content\/uploads\/2024\/11\/6-768x507.jpg 768w, https:\/\/estudiovicens.com\/wp-content\/uploads\/2024\/11\/6-18x12.jpg 18w, https:\/\/estudiovicens.com\/wp-content\/uploads\/2024\/11\/6-600x396.jpg 600w\" sizes=\"(max-width: 1426px) 100vw, 1426px\" \/>\t\t\t<\/a><br \/>\n\t\t\t<a itemprop=\"url\" href=\"https:\/\/estudiovicens.com\/wp-content\/uploads\/2024\/11\/5-scaled.jpg\" target=\"_blank\"><br \/>\n\t\t\t<img width=\"2560\" height=\"1689\" src=\"https:\/\/estudiovicens.com\/wp-content\/uploads\/2024\/11\/5-scaled.jpg\" alt=\"\" decoding=\"async\" srcset=\"https:\/\/estudiovicens.com\/wp-content\/uploads\/2024\/11\/5-scaled.jpg 2560w, https:\/\/estudiovicens.com\/wp-content\/uploads\/2024\/11\/5-300x198.jpg 300w, https:\/\/estudiovicens.com\/wp-content\/uploads\/2024\/11\/5-1024x676.jpg 1024w, https:\/\/estudiovicens.com\/wp-content\/uploads\/2024\/11\/5-768x507.jpg 768w, https:\/\/estudiovicens.com\/wp-content\/uploads\/2024\/11\/5-1536x1014.jpg 1536w, https:\/\/estudiovicens.com\/wp-content\/uploads\/2024\/11\/5-2048x1351.jpg 2048w, https:\/\/estudiovicens.com\/wp-content\/uploads\/2024\/11\/5-18x12.jpg 18w, https:\/\/estudiovicens.com\/wp-content\/uploads\/2024\/11\/5-600x396.jpg 600w\" sizes=\"(max-width: 2560px) 100vw, 2560px\" \/>\t\t\t<\/a><br \/>\n\t\t\t<a itemprop=\"url\" href=\"https:\/\/estudiovicens.com\/wp-content\/uploads\/2024\/11\/4.jpg\" target=\"_blank\"><br \/>\n\t\t\t<img width=\"1804\" height=\"1191\" src=\"https:\/\/estudiovicens.com\/wp-content\/uploads\/2024\/11\/4.jpg\" alt=\"\" decoding=\"async\" srcset=\"https:\/\/estudiovicens.com\/wp-content\/uploads\/2024\/11\/4.jpg 1804w, https:\/\/estudiovicens.com\/wp-content\/uploads\/2024\/11\/4-300x198.jpg 300w, https:\/\/estudiovicens.com\/wp-content\/uploads\/2024\/11\/4-1024x676.jpg 1024w, https:\/\/estudiovicens.com\/wp-content\/uploads\/2024\/11\/4-768x507.jpg 768w, https:\/\/estudiovicens.com\/wp-content\/uploads\/2024\/11\/4-1536x1014.jpg 1536w, https:\/\/estudiovicens.com\/wp-content\/uploads\/2024\/11\/4-18x12.jpg 18w, https:\/\/estudiovicens.com\/wp-content\/uploads\/2024\/11\/4-600x396.jpg 600w\" sizes=\"(max-width: 1804px) 100vw, 1804px\" \/>\t\t\t<\/a><br \/>\n\t\t\t<a itemprop=\"url\" href=\"https:\/\/estudiovicens.com\/wp-content\/uploads\/2024\/11\/1.jpg\" target=\"_blank\"><br \/>\n\t\t\t<img loading=\"lazy\" width=\"1375\" height=\"907\" src=\"https:\/\/estudiovicens.com\/wp-content\/uploads\/2024\/11\/1.jpg\" alt=\"\" decoding=\"async\" srcset=\"https:\/\/estudiovicens.com\/wp-content\/uploads\/2024\/11\/1.jpg 1375w, https:\/\/estudiovicens.com\/wp-content\/uploads\/2024\/11\/1-300x198.jpg 300w, https:\/\/estudiovicens.com\/wp-content\/uploads\/2024\/11\/1-1024x675.jpg 1024w, https:\/\/estudiovicens.com\/wp-content\/uploads\/2024\/11\/1-768x507.jpg 768w, https:\/\/estudiovicens.com\/wp-content\/uploads\/2024\/11\/1-18x12.jpg 18w, https:\/\/estudiovicens.com\/wp-content\/uploads\/2024\/11\/1-600x396.jpg 600w\" sizes=\"(max-width: 1375px) 100vw, 1375px\" \/>\t\t\t<\/a><br \/>\n\t\t\t<a itemprop=\"url\" href=\"https:\/\/estudiovicens.com\/wp-content\/uploads\/2024\/11\/2.jpg\" target=\"_blank\"><br \/>\n\t\t\t<img loading=\"lazy\" width=\"1893\" height=\"1249\" src=\"https:\/\/estudiovicens.com\/wp-content\/uploads\/2024\/11\/2.jpg\" alt=\"\" decoding=\"async\" srcset=\"https:\/\/estudiovicens.com\/wp-content\/uploads\/2024\/11\/2.jpg 1893w, https:\/\/estudiovicens.com\/wp-content\/uploads\/2024\/11\/2-300x198.jpg 300w, https:\/\/estudiovicens.com\/wp-content\/uploads\/2024\/11\/2-1024x676.jpg 1024w, https:\/\/estudiovicens.com\/wp-content\/uploads\/2024\/11\/2-768x507.jpg 768w, https:\/\/estudiovicens.com\/wp-content\/uploads\/2024\/11\/2-1536x1013.jpg 1536w, https:\/\/estudiovicens.com\/wp-content\/uploads\/2024\/11\/2-18x12.jpg 18w, https:\/\/estudiovicens.com\/wp-content\/uploads\/2024\/11\/2-600x396.jpg 600w\" sizes=\"(max-width: 1893px) 100vw, 1893px\" \/>\t\t\t<\/a><br \/>\n\t\t\t<a itemprop=\"url\" href=\"https:\/\/estudiovicens.com\/wp-content\/uploads\/2024\/11\/3.jpg\" target=\"_blank\"><br \/>\n\t\t\t<img loading=\"lazy\" width=\"1422\" height=\"939\" src=\"https:\/\/estudiovicens.com\/wp-content\/uploads\/2024\/11\/3.jpg\" alt=\"\" decoding=\"async\" srcset=\"https:\/\/estudiovicens.com\/wp-content\/uploads\/2024\/11\/3.jpg 1422w, https:\/\/estudiovicens.com\/wp-content\/uploads\/2024\/11\/3-300x198.jpg 300w, https:\/\/estudiovicens.com\/wp-content\/uploads\/2024\/11\/3-1024x676.jpg 1024w, https:\/\/estudiovicens.com\/wp-content\/uploads\/2024\/11\/3-768x507.jpg 768w, https:\/\/estudiovicens.com\/wp-content\/uploads\/2024\/11\/3-18x12.jpg 18w, https:\/\/estudiovicens.com\/wp-content\/uploads\/2024\/11\/3-600x396.jpg 600w\" sizes=\"(max-width: 1422px) 100vw, 1422px\" \/>\t\t\t<\/a><br \/>\n\t\t<svg xmlns=\"http:\/\/www.w3.org\/2000\/svg\" xmlns:xlink=\"http:\/\/www.w3.org\/1999\/xlink\" x=\"0px\" y=\"0px\" width=\"16.2px\"\n      height=\"9.6px\" viewbox=\"0 0 16.2 9.6\" style=\"enable-background:new 0 0 16.2 9.6;\" xml:space=\"preserve\"><g ><line stroke=\"currentColor\" stroke-width=\"2\" x1=\"1.1\" y1=\"4.8\" x2=\"16.2\" y2=\"4.8\"\/><polyline fill=\"none\" stroke=\"currentColor\" stroke-width=\"2\" points=\"5.3,8.9 1.3,4.8 5.3,0.6 \t\"\/><\/g><\/svg><br \/>\n\t<svg xmlns=\"http:\/\/www.w3.org\/2000\/svg\" xmlns:xlink=\"http:\/\/www.w3.org\/1999\/xlink\" x=\"0px\" y=\"0px\" width=\"16.2px\"\n     height=\"9.6px\" viewbox=\"0 0 16.2 9.6\" style=\"enable-background:new 0 0 16.2 9.6;\" xml:space=\"preserve\"><g><line stroke-width=\"2\" stroke=\"currentColor\" x1=\"15.2\" y1=\"4.8\" x2=\"0\" y2=\"4.8\"\/><polyline fill=\"none\" stroke=\"currentColor\" stroke-width=\"2\" points=\"10.9,0.6 15,4.8 10.9,8.9\"\/><\/g><\/svg><\/p>\n<h2 >\n\t\t\t\t\tNUESTRA EXPERIENCIA\t\t\t<\/h2>\n<p >Nuestros proyectos abarcan desde la tipolog\u00eda residencial, la industrial o el dise\u00f1o urbano hasta la rehabilitaci\u00f3n de la arquitectura tradicional mediterr\u00e1nea.<\/p>","protected":false},"excerpt":{"rendered":"<p>CHECK OUT OUR SERVICES Architecture Understand the client\u00b4s needs and capture his idea is basic to design spaces which speaks about them. We develop Projects from Basic to construction drawings and take care of all the administrative process to obtain license. Landscape design We understand natural spaces as an essencial element for people\u00b4s life, thats [&hellip;]<\/p>","protected":false},"author":1,"featured_media":0,"parent":0,"menu_order":0,"comment_status":"closed","ping_status":"closed","template":"page-full-width.php","meta":{"footnotes":""},"class_list":["post-975","page","type-page","status-publish","hentry"],"_links":{"self":[{"href":"https:\/\/estudiovicens.com\/es\/wp-json\/wp\/v2\/pages\/975","targetHints":{"allow":["GET"]}}],"collection":[{"href":"https:\/\/estudiovicens.com\/es\/wp-json\/wp\/v2\/pages"}],"about":[{"href":"https:\/\/estudiovicens.com\/es\/wp-json\/wp\/v2\/types\/page"}],"author":[{"embeddable":true,"href":"https:\/\/estudiovicens.com\/es\/wp-json\/wp\/v2\/users\/1"}],"replies":[{"embeddable":true,"href":"https:\/\/estudiovicens.com\/es\/wp-json\/wp\/v2\/comments?post=975"}],"version-history":[{"count":9,"href":"https:\/\/estudiovicens.com\/es\/wp-json\/wp\/v2\/pages\/975\/revisions"}],"predecessor-version":[{"id":5810,"href":"https:\/\/estudiovicens.com\/es\/wp-json\/wp\/v2\/pages\/975\/revisions\/5810"}],"wp:attachment":[{"href":"https:\/\/estudiovicens.com\/es\/wp-json\/wp\/v2\/media?parent=975"}],"curies":[{"name":"wp","href":"https:\/\/api.w.org\/{rel}","templated":true}]}}